{"id":59,"date":"2022-11-08T20:28:23","date_gmt":"2022-11-08T18:28:23","guid":{"rendered":"http:\/\/www.kotikokemus.fi\/?page_id=59"},"modified":"2022-11-08T23:34:52","modified_gmt":"2022-11-08T21:34:52","slug":"asunnon-myyjille","status":"publish","type":"page","link":"https:\/\/www.kotikokemus.fi\/?page_id=59","title":{"rendered":"Asunnon myyjille"},"content":{"rendered":"\n<h1 class=\"has-medium-font-size wp-block-heading\">Kotikokemus saattaa olla kiinnostunut ostamaan asuntosi<\/h1>\n\n\n\n<p style=\"font-style:normal;font-weight:400\">Omistatko yksi\u00f6n tai kaksion p\u00e4\u00e4kaupunkiseudulta? Haluatko myyd\u00e4 asuntosi n\u00e4pp\u00e4r\u00e4sti ilman v\u00e4lik\u00e4si\u00e4 v\u00e4ltt\u00e4en kalliit v\u00e4litt\u00e4j\u00e4npalkkiot? Etk\u00f6 halua julkista n\u00e4ytt\u00f6\u00e4 tai myynti-ilmoitusta asunnostasi kaikkien n\u00e4ht\u00e4ville?<br><br>Ole rohkeasti yhteydess\u00e4!<\/p>\n\n\n\n<p>yhteydenotto@kotikokemus.fi<\/p>\n","protected":false},"excerpt":{"rendered":"<p>Kotikokemus saattaa olla kiinnostunut ostamaan asuntosi Omistatko yksi\u00f6n tai kaksion p\u00e4\u00e4kaupunkiseudulta? Haluatko myyd\u00e4 asuntosi n\u00e4pp\u00e4r\u00e4sti ilman v\u00e4lik\u00e4si\u00e4 v\u00e4ltt\u00e4en kalliit v\u00e4litt\u00e4j\u00e4npalkkiot? Etk\u00f6 halua julkista n\u00e4ytt\u00f6\u00e4 tai myynti-ilmoitusta asunnostasi kaikkien n\u00e4ht\u00e4ville? Ole rohkeasti yhteydess\u00e4! yhteydenotto@kotikokemus.fi<\/p>\n","protected":false},"author":1,"featured_media":0,"parent":0,"menu_order":0,"comment_status":"closed","ping_status":"closed","template":"","meta":{"footnotes":""},"class_list":["post-59","page","type-page","status-publish","hentry"],"_links":{"self":[{"href":"https:\/\/www.kotikokemus.fi\/index.php?rest_route=\/wp\/v2\/pages\/59","targetHints":{"allow":["GET"]}}],"collection":[{"href":"https:\/\/www.kotikokemus.fi\/index.php?rest_route=\/wp\/v2\/pages"}],"about":[{"href":"https:\/\/www.kotikokemus.fi\/index.php?rest_route=\/wp\/v2\/types\/page"}],"author":[{"embeddable":true,"href":"https:\/\/www.kotikokemus.fi\/index.php?rest_route=\/wp\/v2\/users\/1"}],"replies":[{"embeddable":true,"href":"https:\/\/www.kotikokemus.fi\/index.php?rest_route=%2Fwp%2Fv2%2Fcomments&post=59"}],"version-history":[{"count":4,"href":"https:\/\/www.kotikokemus.fi\/index.php?rest_route=\/wp\/v2\/pages\/59\/revisions"}],"predecessor-version":[{"id":93,"href":"https:\/\/www.kotikokemus.fi\/index.php?rest_route=\/wp\/v2\/pages\/59\/revisions\/93"}],"wp:attachment":[{"href":"https:\/\/www.kotikokemus.fi\/index.php?rest_route=%2Fwp%2Fv2%2Fmedia&parent=59"}],"curies":[{"name":"wp","href":"https:\/\/api.w.org\/{rel}","templated":true}]}}